{"id":6374,"date":"2024-04-17T07:37:02","date_gmt":"2024-04-17T07:37:02","guid":{"rendered":"https:\/\/jmv.co.me\/?page_id=6374"},"modified":"2024-04-17T07:37:39","modified_gmt":"2024-04-17T07:37:39","slug":"partneri","status":"publish","type":"page","link":"https:\/\/jmv.co.me\/en\/partneri\/","title":{"rendered":"Partners"},"content":{"rendered":"\t\t<div data-elementor-type=\"wp-page\" data-elementor-id=\"6374\" class=\"elementor elementor-6374\">\n\t\t\t\t\t\t<section class=\"elementor-section elementor-top-section elementor-element elementor-element-8a81772 elementor-section-full_width elementor-section-stretched elementor-section-height-default elementor-section-height-default qodef-elementor-content-no\" data-id=\"8a81772\" data-element_type=\"section\" data-e-type=\"section\" data-settings=\"{&quot;stretch_section&quot;:&quot;section-stretched&quot;}\">\n\t\t\t\t\t\t<div class=\"elementor-container elementor-column-gap-default\">\n\t\t\t\t\t<div class=\"elementor-column elementor-col-100 elementor-top-column elementor-element elementor-element-e5a6a46\" data-id=\"e5a6a46\" data-element_type=\"column\" data-e-type=\"column\">\n\t\t\t<div class=\"elementor-widget-wrap elementor-element-populated\">\n\t\t\t\t\t\t<div class=\"elementor-element elementor-element-8554ce4 elementor-widget elementor-widget-thetrial_core_team_list\" data-id=\"8554ce4\" data-element_type=\"widget\" data-e-type=\"widget\" data-widget_type=\"thetrial_core_team_list.default\">\n\t\t\t\t<div class=\"elementor-widget-container\">\n\t\t\t\t\t<div class=\"qodef-shortcode qodef-m  qodef-team-list qodef-item-layout--info-below qodef-grid qodef-layout--columns  qodef-gutter--tiny qodef-col-num--4 qodef-item-layout--info-below qodef--no-bottom-space qodef-pagination--off qodef-responsive--predefined\" data-options=\"{&quot;plugin&quot;:&quot;thetrial_core&quot;,&quot;module&quot;:&quot;post-types\\\/team\\\/shortcodes&quot;,&quot;shortcode&quot;:&quot;team-list&quot;,&quot;post_type&quot;:&quot;team&quot;,&quot;next_page&quot;:&quot;2&quot;,&quot;max_pages_num&quot;:1,&quot;behavior&quot;:&quot;columns&quot;,&quot;images_proportion&quot;:&quot;custom&quot;,&quot;custom_image_width&quot;:&quot;450&quot;,&quot;custom_image_height&quot;:&quot;500&quot;,&quot;columns&quot;:&quot;4&quot;,&quot;columns_responsive&quot;:&quot;predefined&quot;,&quot;columns_1440&quot;:&quot;3&quot;,&quot;columns_1366&quot;:&quot;3&quot;,&quot;columns_1024&quot;:&quot;3&quot;,&quot;columns_768&quot;:&quot;3&quot;,&quot;columns_680&quot;:&quot;3&quot;,&quot;columns_480&quot;:&quot;3&quot;,&quot;space&quot;:&quot;tiny&quot;,&quot;posts_per_page&quot;:&quot;20&quot;,&quot;orderby&quot;:&quot;date&quot;,&quot;order&quot;:&quot;DESC&quot;,&quot;additional_params&quot;:&quot;tax&quot;,&quot;tax&quot;:&quot;team-category&quot;,&quot;tax_slug&quot;:&quot;partneri&quot;,&quot;layout&quot;:&quot;info-below&quot;,&quot;title_tag&quot;:&quot;h4&quot;,&quot;pagination_type&quot;:&quot;no-pagination&quot;,&quot;info_side_background_color&quot;:&quot;#DEEBF9&quot;,&quot;object_class_name&quot;:&quot;TheTrialCoreTeamListShortcode&quot;,&quot;taxonomy_filter&quot;:&quot;team-category&quot;,&quot;additional_query_args&quot;:{&quot;tax_query&quot;:[{&quot;taxonomy&quot;:&quot;team-category&quot;,&quot;field&quot;:&quot;slug&quot;,&quot;terms&quot;:&quot;partneri&quot;}]},&quot;item_classes&quot;:&quot;qodef-e qodef-grid-item&quot;,&quot;space_value&quot;:5}\">\n\t\t<div class=\"qodef-grid-inner clear\">\n\t\t<div class=\"qodef-e qodef-grid-item post-4860 team type-team status-publish has-post-thumbnail hentry team-category-partneri\">\n\t<div class=\"qodef-e-inner\">\n\t\t<div class=\"qodef-e-image\">\n\t\t\t\t<div class=\"qodef-e-media-image\">\n\t\t\t\t\t<a itemprop=\"url\" href=\"https:\/\/jmv.co.me\/en\/team\/vanja-mugosa\/\">\n\t\t\t\t\t<img fetchpriority=\"high\" decoding=\"async\" src=\"https:\/\/jmv.co.me\/wp-content\/uploads\/2023\/08\/vanja-mugosa-team-member-jmv-kancelarija-450x500.jpg\" alt=\"\" width=\"450\" height=\"500\" \/>\t\t\t\t\t<\/a>\n\t\t\t<\/div>\n\t\t<\/div>\n\t\t<div class=\"qodef-e-content\" >\n\t\t\t<h4 itemprop=\"name\" class=\"qodef-e-title entry-title\" >\n\t\t\t<a itemprop=\"url\" class=\"qodef-e-title-link\" href=\"https:\/\/jmv.co.me\/en\/team\/vanja-mugosa\/\">\n\t\t\tVanja Mugo\u0161a\t\t\t<\/a>\n\t<\/h4>\t\t\t\t<p class=\"qodef-e-role\">Rukovode\u0107i partner<\/p>\n\t\t<\/div>\n\t<\/div>\n<\/div><div class=\"qodef-e qodef-grid-item post-4848 team type-team status-publish has-post-thumbnail hentry team-category-partneri\">\n\t<div class=\"qodef-e-inner\">\n\t\t<div class=\"qodef-e-image\">\n\t\t\t\t<div class=\"qodef-e-media-image\">\n\t\t\t\t\t<a itemprop=\"url\" href=\"https:\/\/jmv.co.me\/en\/team\/novica-jovovic\/\">\n\t\t\t\t\t<img decoding=\"async\" src=\"https:\/\/jmv.co.me\/wp-content\/uploads\/2023\/08\/novica-jovovic-team-member-jmv-kancelarija-450x500.jpg\" alt=\"\" width=\"450\" height=\"500\" \/>\t\t\t\t\t<\/a>\n\t\t\t<\/div>\n\t\t<\/div>\n\t\t<div class=\"qodef-e-content\" >\n\t\t\t<h4 itemprop=\"name\" class=\"qodef-e-title entry-title\" >\n\t\t\t<a itemprop=\"url\" class=\"qodef-e-title-link\" href=\"https:\/\/jmv.co.me\/en\/team\/novica-jovovic\/\">\n\t\t\tNovica Jovovi\u0107\t\t\t<\/a>\n\t<\/h4>\t\t\t\t<p class=\"qodef-e-role\">Partner osniva\u010d<\/p>\n\t\t<\/div>\n\t<\/div>\n<\/div><div class=\"qodef-e qodef-grid-item post-4864 team type-team status-publish has-post-thumbnail hentry team-category-partneri\">\n\t<div class=\"qodef-e-inner\">\n\t\t<div class=\"qodef-e-image\">\n\t\t\t\t<div class=\"qodef-e-media-image\">\n\t\t\t\t\t<a itemprop=\"url\" href=\"https:\/\/jmv.co.me\/en\/team\/vlado-vukovic\/\">\n\t\t\t\t\t<img decoding=\"async\" src=\"https:\/\/jmv.co.me\/wp-content\/uploads\/2023\/08\/vlado-vukovic-team-member-jmv-kancelarija-450x500.jpg\" alt=\"\" width=\"450\" height=\"500\" \/>\t\t\t\t\t<\/a>\n\t\t\t<\/div>\n\t\t<\/div>\n\t\t<div class=\"qodef-e-content\" >\n\t\t\t<h4 itemprop=\"name\" class=\"qodef-e-title entry-title\" >\n\t\t\t<a itemprop=\"url\" class=\"qodef-e-title-link\" href=\"https:\/\/jmv.co.me\/en\/team\/vlado-vukovic\/\">\n\t\t\tVlado Vukovi\u0107\t\t\t<\/a>\n\t<\/h4>\t\t\t\t<p class=\"qodef-e-role\">Partner<\/p>\n\t\t<\/div>\n\t<\/div>\n<\/div><div class=\"qodef-e qodef-grid-item post-5423 team type-team status-publish has-post-thumbnail hentry team-category-partneri\">\n\t<div class=\"qodef-e-inner\">\n\t\t<div class=\"qodef-e-image\">\n\t\t\t\t<div class=\"qodef-e-media-image\">\n\t\t\t\t\t<a itemprop=\"url\" href=\"https:\/\/jmv.co.me\/en\/team\/filip-jovovic\/\">\n\t\t\t\t\t<img loading=\"lazy\" decoding=\"async\" src=\"https:\/\/jmv.co.me\/wp-content\/uploads\/2023\/08\/filip-jovovic-team-member-jmv-kancelarija-450x500.jpg\" alt=\"\" width=\"450\" height=\"500\" \/>\t\t\t\t\t<\/a>\n\t\t\t<\/div>\n\t\t<\/div>\n\t\t<div class=\"qodef-e-content\" >\n\t\t\t<h4 itemprop=\"name\" class=\"qodef-e-title entry-title\" >\n\t\t\t<a itemprop=\"url\" class=\"qodef-e-title-link\" href=\"https:\/\/jmv.co.me\/en\/team\/filip-jovovic\/\">\n\t\t\tFilip Jovovi\u0107\t\t\t<\/a>\n\t<\/h4>\t\t\t\t<p class=\"qodef-e-role\">Mla\u0111i partner<\/p>\n\t\t<\/div>\n\t<\/div>\n<\/div>\t<\/div>\n\t<\/div>\t\t\t\t<\/div>\n\t\t\t\t<\/div>\n\t\t\t\t\t<\/div>\n\t\t<\/div>\n\t\t\t\t\t<\/div>\n\t\t<\/section>\n\t\t\t\t<\/div>\n\t\t","protected":false},"excerpt":{"rendered":"<p>Vanja Mugo\u0161a Rukovode\u0107i partner Novica Jovovi\u0107 Partner osniva\u010d Vlado Vukovi\u0107 Partner Filip Jovovi\u0107 Mla\u0111i partner<\/p>","protected":false},"author":22,"featured_media":0,"parent":0,"menu_order":0,"comment_status":"closed","ping_status":"closed","template":"","meta":{"_acf_changed":false,"footnotes":""},"class_list":["post-6374","page","type-page","status-publish","hentry"],"acf":[],"_links":{"self":[{"href":"https:\/\/jmv.co.me\/en\/wp-json\/wp\/v2\/pages\/6374","targetHints":{"allow":["GET"]}}],"collection":[{"href":"https:\/\/jmv.co.me\/en\/wp-json\/wp\/v2\/pages"}],"about":[{"href":"https:\/\/jmv.co.me\/en\/wp-json\/wp\/v2\/types\/page"}],"author":[{"embeddable":true,"href":"https:\/\/jmv.co.me\/en\/wp-json\/wp\/v2\/users\/22"}],"replies":[{"embeddable":true,"href":"https:\/\/jmv.co.me\/en\/wp-json\/wp\/v2\/comments?post=6374"}],"version-history":[{"count":4,"href":"https:\/\/jmv.co.me\/en\/wp-json\/wp\/v2\/pages\/6374\/revisions"}],"predecessor-version":[{"id":6378,"href":"https:\/\/jmv.co.me\/en\/wp-json\/wp\/v2\/pages\/6374\/revisions\/6378"}],"wp:attachment":[{"href":"https:\/\/jmv.co.me\/en\/wp-json\/wp\/v2\/media?parent=6374"}],"curies":[{"name":"wp","href":"https:\/\/api.w.org\/{rel}","templated":true}]}}