{"id":5788,"date":"2023-09-29T09:42:28","date_gmt":"2023-09-29T09:42:28","guid":{"rendered":"https:\/\/markov79.sg-host.com\/?page_id=5788"},"modified":"2024-04-12T20:24:23","modified_gmt":"2024-04-12T20:24:23","slug":"administracija","status":"publish","type":"page","link":"https:\/\/jmv.co.me\/en\/administracija\/","title":{"rendered":"Administration"},"content":{"rendered":"\t\t<div data-elementor-type=\"wp-page\" data-elementor-id=\"5788\" class=\"elementor elementor-5788\">\n\t\t\t\t\t\t<section class=\"elementor-section elementor-top-section elementor-element elementor-element-f710857 elementor-section-full_width elementor-section-stretched elementor-section-height-default elementor-section-height-default qodef-elementor-content-no\" data-id=\"f710857\" data-element_type=\"section\" data-e-type=\"section\" data-settings=\"{&quot;stretch_section&quot;:&quot;section-stretched&quot;}\">\n\t\t\t\t\t\t<div class=\"elementor-container elementor-column-gap-default\">\n\t\t\t\t\t<div class=\"elementor-column elementor-col-100 elementor-top-column elementor-element elementor-element-4a7194a\" data-id=\"4a7194a\" data-element_type=\"column\" data-e-type=\"column\">\n\t\t\t<div class=\"elementor-widget-wrap elementor-element-populated\">\n\t\t\t\t\t\t<div class=\"elementor-element elementor-element-9a6bfb6 elementor-widget elementor-widget-thetrial_core_team_list\" data-id=\"9a6bfb6\" data-element_type=\"widget\" data-e-type=\"widget\" data-widget_type=\"thetrial_core_team_list.default\">\n\t\t\t\t<div class=\"elementor-widget-container\">\n\t\t\t\t\t<div class=\"qodef-shortcode qodef-m  qodef-team-list qodef-item-layout--info-below qodef-grid qodef-layout--columns  qodef-gutter--tiny qodef-col-num--4 qodef-item-layout--info-below qodef--no-bottom-space qodef-pagination--off qodef-responsive--predefined\" data-options=\"{&quot;plugin&quot;:&quot;thetrial_core&quot;,&quot;module&quot;:&quot;post-types\\\/team\\\/shortcodes&quot;,&quot;shortcode&quot;:&quot;team-list&quot;,&quot;post_type&quot;:&quot;team&quot;,&quot;next_page&quot;:&quot;2&quot;,&quot;max_pages_num&quot;:1,&quot;behavior&quot;:&quot;columns&quot;,&quot;images_proportion&quot;:&quot;custom&quot;,&quot;custom_image_width&quot;:&quot;450&quot;,&quot;custom_image_height&quot;:&quot;500&quot;,&quot;columns&quot;:&quot;4&quot;,&quot;columns_responsive&quot;:&quot;predefined&quot;,&quot;columns_1440&quot;:&quot;3&quot;,&quot;columns_1366&quot;:&quot;3&quot;,&quot;columns_1024&quot;:&quot;3&quot;,&quot;columns_768&quot;:&quot;3&quot;,&quot;columns_680&quot;:&quot;3&quot;,&quot;columns_480&quot;:&quot;3&quot;,&quot;space&quot;:&quot;tiny&quot;,&quot;posts_per_page&quot;:&quot;20&quot;,&quot;orderby&quot;:&quot;date&quot;,&quot;order&quot;:&quot;DESC&quot;,&quot;additional_params&quot;:&quot;tax&quot;,&quot;tax&quot;:&quot;team-category&quot;,&quot;tax_slug&quot;:&quot;administracija&quot;,&quot;layout&quot;:&quot;info-below&quot;,&quot;title_tag&quot;:&quot;h4&quot;,&quot;pagination_type&quot;:&quot;no-pagination&quot;,&quot;object_class_name&quot;:&quot;TheTrialCoreTeamListShortcode&quot;,&quot;taxonomy_filter&quot;:&quot;team-category&quot;,&quot;additional_query_args&quot;:{&quot;tax_query&quot;:[{&quot;taxonomy&quot;:&quot;team-category&quot;,&quot;field&quot;:&quot;slug&quot;,&quot;terms&quot;:&quot;administracija&quot;}]},&quot;item_classes&quot;:&quot;qodef-e qodef-grid-item&quot;,&quot;space_value&quot;:5}\">\n\t\t<div class=\"qodef-grid-inner clear\">\n\t\t<div class=\"qodef-e qodef-grid-item post-5432 team type-team status-publish has-post-thumbnail hentry team-category-administracija\">\n\t<div class=\"qodef-e-inner\">\n\t\t<div class=\"qodef-e-image\">\n\t\t\t\t<div class=\"qodef-e-media-image\">\n\t\t\t\t\t<a itemprop=\"url\" href=\"https:\/\/jmv.co.me\/en\/team\/biljana-tomovic\/\">\n\t\t\t\t\t<img fetchpriority=\"high\" decoding=\"async\" src=\"https:\/\/jmv.co.me\/wp-content\/uploads\/2023\/07\/biljana-tomovic-team-member-jmv-kancelarija-450x500.jpg\" alt=\"\" width=\"450\" height=\"500\" \/>\t\t\t\t\t<\/a>\n\t\t\t<\/div>\n\t\t<\/div>\n\t\t<div class=\"qodef-e-content\" >\n\t\t\t<h4 itemprop=\"name\" class=\"qodef-e-title entry-title\" >\n\t\t\t<a itemprop=\"url\" class=\"qodef-e-title-link\" href=\"https:\/\/jmv.co.me\/en\/team\/biljana-tomovic\/\">\n\t\t\tBiljana Tomovi\u0107\t\t\t<\/a>\n\t<\/h4>\t\t\t\t<p class=\"qodef-e-role\">Poslovni sekretar<\/p>\n\t\t<\/div>\n\t<\/div>\n<\/div><div class=\"qodef-e qodef-grid-item post-4844 team type-team status-publish has-post-thumbnail hentry team-category-administracija\">\n\t<div class=\"qodef-e-inner\">\n\t\t<div class=\"qodef-e-image\">\n\t\t\t\t<div class=\"qodef-e-media-image\">\n\t\t\t\t\t<a itemprop=\"url\" href=\"https:\/\/jmv.co.me\/en\/team\/natasa-mihajlovska\/\">\n\t\t\t\t\t<img decoding=\"async\" src=\"https:\/\/jmv.co.me\/wp-content\/uploads\/2023\/07\/natasa-mihajlovska-team-member-jmv-kancelarija-450x500.jpg\" alt=\"\" width=\"450\" height=\"500\" \/>\t\t\t\t\t<\/a>\n\t\t\t<\/div>\n\t\t<\/div>\n\t\t<div class=\"qodef-e-content\" >\n\t\t\t<h4 itemprop=\"name\" class=\"qodef-e-title entry-title\" >\n\t\t\t<a itemprop=\"url\" class=\"qodef-e-title-link\" href=\"https:\/\/jmv.co.me\/en\/team\/natasa-mihajlovska\/\">\n\t\t\tNata\u0161a Mihailovska\t\t\t<\/a>\n\t<\/h4>\t\t\t\t<p class=\"qodef-e-role\">Poslovni sekretar<\/p>\n\t\t<\/div>\n\t<\/div>\n<\/div><div class=\"qodef-e qodef-grid-item post-5433 team type-team status-publish has-post-thumbnail hentry team-category-administracija\">\n\t<div class=\"qodef-e-inner\">\n\t\t<div class=\"qodef-e-image\">\n\t\t\t\t<div class=\"qodef-e-media-image\">\n\t\t\t\t\t<a itemprop=\"url\" href=\"https:\/\/jmv.co.me\/en\/team\/ana-djuranovic-tomasevic\/\">\n\t\t\t\t\t<img decoding=\"async\" src=\"https:\/\/jmv.co.me\/wp-content\/uploads\/2023\/07\/ana-djuranovic-tomasevic-team-member-jmv-kancelarija-450x500.jpg\" alt=\"\" width=\"450\" height=\"500\" \/>\t\t\t\t\t<\/a>\n\t\t\t<\/div>\n\t\t<\/div>\n\t\t<div class=\"qodef-e-content\" >\n\t\t\t<h4 itemprop=\"name\" class=\"qodef-e-title entry-title\" >\n\t\t\t<a itemprop=\"url\" class=\"qodef-e-title-link\" href=\"https:\/\/jmv.co.me\/en\/team\/ana-djuranovic-tomasevic\/\">\n\t\t\tAna Djuranovi\u0107 Toma\u0161evi\u0107\t\t\t<\/a>\n\t<\/h4>\t\t\t\t<p class=\"qodef-e-role\">Poslovni sekretar<\/p>\n\t\t<\/div>\n\t<\/div>\n<\/div><div class=\"qodef-e qodef-grid-item post-4840 team type-team status-publish has-post-thumbnail hentry team-category-administracija\">\n\t<div class=\"qodef-e-inner\">\n\t\t<div class=\"qodef-e-image\">\n\t\t\t\t<div class=\"qodef-e-media-image\">\n\t\t\t\t\t<a itemprop=\"url\" href=\"https:\/\/jmv.co.me\/en\/team\/mirjana-pesalj\/\">\n\t\t\t\t\t<img loading=\"lazy\" decoding=\"async\" src=\"https:\/\/jmv.co.me\/wp-content\/uploads\/2023\/07\/mirjana-pesalj-team-member-jmv-kancelarija-450x500.jpg\" alt=\"\" width=\"450\" height=\"500\" \/>\t\t\t\t\t<\/a>\n\t\t\t<\/div>\n\t\t<\/div>\n\t\t<div class=\"qodef-e-content\" >\n\t\t\t<h4 itemprop=\"name\" class=\"qodef-e-title entry-title\" >\n\t\t\t<a itemprop=\"url\" class=\"qodef-e-title-link\" href=\"https:\/\/jmv.co.me\/en\/team\/mirjana-pesalj\/\">\n\t\t\tMirjana\u00a0Pe\u0161alj\t\t\t<\/a>\n\t<\/h4>\t\t\t\t<p class=\"qodef-e-role\">Saradnik<\/p>\n\t\t<\/div>\n\t<\/div>\n<\/div><div class=\"qodef-e qodef-grid-item post-4850 team type-team status-publish has-post-thumbnail hentry team-category-administracija\">\n\t<div class=\"qodef-e-inner\">\n\t\t<div class=\"qodef-e-image\">\n\t\t\t\t<div class=\"qodef-e-media-image\">\n\t\t\t\t\t<a itemprop=\"url\" href=\"https:\/\/jmv.co.me\/en\/team\/safet-mandic\/\">\n\t\t\t\t\t<img loading=\"lazy\" decoding=\"async\" src=\"https:\/\/jmv.co.me\/wp-content\/uploads\/2023\/07\/safet-mandic-team-member-jmv-kancelarija-450x500.jpg\" alt=\"\" width=\"450\" height=\"500\" \/>\t\t\t\t\t<\/a>\n\t\t\t<\/div>\n\t\t<\/div>\n\t\t<div class=\"qodef-e-content\" >\n\t\t\t<h4 itemprop=\"name\" class=\"qodef-e-title entry-title\" >\n\t\t\t<a itemprop=\"url\" class=\"qodef-e-title-link\" href=\"https:\/\/jmv.co.me\/en\/team\/safet-mandic\/\">\n\t\t\tSafet Mandi\u0107\t\t\t<\/a>\n\t<\/h4>\t\t\t\t<p class=\"qodef-e-role\">Logistika<\/p>\n\t\t<\/div>\n\t<\/div>\n<\/div><div class=\"qodef-e qodef-grid-item post-4862 team type-team status-publish has-post-thumbnail hentry team-category-administracija\">\n\t<div class=\"qodef-e-inner\">\n\t\t<div class=\"qodef-e-image\">\n\t\t\t\t<div class=\"qodef-e-media-image\">\n\t\t\t\t\t<a itemprop=\"url\" href=\"https:\/\/jmv.co.me\/en\/team\/vladan-lakovic\/\">\n\t\t\t\t\t<img loading=\"lazy\" decoding=\"async\" src=\"https:\/\/jmv.co.me\/wp-content\/uploads\/2023\/07\/vladan-lakovic-team-member-jmv-kancelarija-450x500.jpg\" alt=\"\" width=\"450\" height=\"500\" \/>\t\t\t\t\t<\/a>\n\t\t\t<\/div>\n\t\t<\/div>\n\t\t<div class=\"qodef-e-content\" >\n\t\t\t<h4 itemprop=\"name\" class=\"qodef-e-title entry-title\" >\n\t\t\t<a itemprop=\"url\" class=\"qodef-e-title-link\" href=\"https:\/\/jmv.co.me\/en\/team\/vladan-lakovic\/\">\n\t\t\tVladan Lakovi\u0107\t\t\t<\/a>\n\t<\/h4>\t\t\t\t<p class=\"qodef-e-role\">Bezbjednost<\/p>\n\t\t<\/div>\n\t<\/div>\n<\/div>\t<\/div>\n\t<\/div>\t\t\t\t<\/div>\n\t\t\t\t<\/div>\n\t\t\t\t\t<\/div>\n\t\t<\/div>\n\t\t\t\t\t<\/div>\n\t\t<\/section>\n\t\t\t\t<\/div>\n\t\t","protected":false},"excerpt":{"rendered":"<p>Valentina Komneni\u0107 HR Saradnik, prevodilac i tuma\u010d za engleski jezik Biljana Tomovi\u0107 Poslovni sekretar Nata\u0161a Mihajlovska Poslovni sekretar Ana Djuranovi\u0107 Toma\u0161evi\u0107 Poslovni sekretar Dunja Brnovi\u0107 Poslovni sekretar Marijana Pe\u0161alj Saradnik Safet Mandi\u0107 Logistika Vladan Lakovi\u0107 Bezbjednost<\/p>","protected":false},"author":22,"featured_media":0,"parent":0,"menu_order":0,"comment_status":"closed","ping_status":"closed","template":"","meta":{"_acf_changed":false,"footnotes":""},"class_list":["post-5788","page","type-page","status-publish","hentry"],"acf":[],"_links":{"self":[{"href":"https:\/\/jmv.co.me\/en\/wp-json\/wp\/v2\/pages\/5788","targetHints":{"allow":["GET"]}}],"collection":[{"href":"https:\/\/jmv.co.me\/en\/wp-json\/wp\/v2\/pages"}],"about":[{"href":"https:\/\/jmv.co.me\/en\/wp-json\/wp\/v2\/types\/page"}],"author":[{"embeddable":true,"href":"https:\/\/jmv.co.me\/en\/wp-json\/wp\/v2\/users\/22"}],"replies":[{"embeddable":true,"href":"https:\/\/jmv.co.me\/en\/wp-json\/wp\/v2\/comments?post=5788"}],"version-history":[{"count":31,"href":"https:\/\/jmv.co.me\/en\/wp-json\/wp\/v2\/pages\/5788\/revisions"}],"predecessor-version":[{"id":6364,"href":"https:\/\/jmv.co.me\/en\/wp-json\/wp\/v2\/pages\/5788\/revisions\/6364"}],"wp:attachment":[{"href":"https:\/\/jmv.co.me\/en\/wp-json\/wp\/v2\/media?parent=5788"}],"curies":[{"name":"wp","href":"https:\/\/api.w.org\/{rel}","templated":true}]}}