{"id":5780,"date":"2023-09-29T09:40:41","date_gmt":"2023-09-29T09:40:41","guid":{"rendered":"https:\/\/markov79.sg-host.com\/?page_id=5780"},"modified":"2025-11-25T11:39:40","modified_gmt":"2025-11-25T11:39:40","slug":"pripravnici","status":"publish","type":"page","link":"https:\/\/jmv.co.me\/en\/pripravnici\/","title":{"rendered":"Trainee Lawyers"},"content":{"rendered":"\t\t<div data-elementor-type=\"wp-page\" data-elementor-id=\"5780\" class=\"elementor elementor-5780\">\n\t\t\t\t\t\t<section class=\"elementor-section elementor-top-section elementor-element elementor-element-d649c21 elementor-section-full_width elementor-section-stretched elementor-section-height-default elementor-section-height-default qodef-elementor-content-no\" data-id=\"d649c21\" data-element_type=\"section\" data-e-type=\"section\" data-settings=\"{&quot;stretch_section&quot;:&quot;section-stretched&quot;}\">\n\t\t\t\t\t\t<div class=\"elementor-container elementor-column-gap-default\">\n\t\t\t\t\t<div class=\"elementor-column elementor-col-100 elementor-top-column elementor-element elementor-element-e95a2fc\" data-id=\"e95a2fc\" data-element_type=\"column\" data-e-type=\"column\">\n\t\t\t<div class=\"elementor-widget-wrap elementor-element-populated\">\n\t\t\t\t\t\t<div class=\"elementor-element elementor-element-664e990 elementor-widget elementor-widget-thetrial_core_team_list\" data-id=\"664e990\" data-element_type=\"widget\" data-e-type=\"widget\" data-widget_type=\"thetrial_core_team_list.default\">\n\t\t\t\t<div class=\"elementor-widget-container\">\n\t\t\t\t\t<div class=\"qodef-shortcode qodef-m  qodef-team-list qodef-item-layout--info-below qodef-grid qodef-layout--columns  qodef-gutter--tiny qodef-col-num--4 qodef-item-layout--info-below qodef--no-bottom-space qodef-pagination--off qodef-responsive--predefined\" data-options=\"{&quot;plugin&quot;:&quot;thetrial_core&quot;,&quot;module&quot;:&quot;post-types\\\/team\\\/shortcodes&quot;,&quot;shortcode&quot;:&quot;team-list&quot;,&quot;post_type&quot;:&quot;team&quot;,&quot;next_page&quot;:&quot;2&quot;,&quot;max_pages_num&quot;:1,&quot;behavior&quot;:&quot;columns&quot;,&quot;images_proportion&quot;:&quot;custom&quot;,&quot;custom_image_width&quot;:&quot;450&quot;,&quot;custom_image_height&quot;:&quot;600&quot;,&quot;columns&quot;:&quot;4&quot;,&quot;columns_responsive&quot;:&quot;predefined&quot;,&quot;columns_1440&quot;:&quot;3&quot;,&quot;columns_1366&quot;:&quot;3&quot;,&quot;columns_1024&quot;:&quot;3&quot;,&quot;columns_768&quot;:&quot;3&quot;,&quot;columns_680&quot;:&quot;3&quot;,&quot;columns_480&quot;:&quot;3&quot;,&quot;space&quot;:&quot;tiny&quot;,&quot;posts_per_page&quot;:&quot;20&quot;,&quot;orderby&quot;:&quot;menu_order&quot;,&quot;order&quot;:&quot;ASC&quot;,&quot;additional_params&quot;:&quot;tax&quot;,&quot;tax&quot;:&quot;team-category&quot;,&quot;tax_slug&quot;:&quot;pripravnici&quot;,&quot;layout&quot;:&quot;info-below&quot;,&quot;title_tag&quot;:&quot;h4&quot;,&quot;pagination_type&quot;:&quot;no-pagination&quot;,&quot;info_side_background_color&quot;:&quot;#DEEBF9&quot;,&quot;object_class_name&quot;:&quot;TheTrialCoreTeamListShortcode&quot;,&quot;taxonomy_filter&quot;:&quot;team-category&quot;,&quot;additional_query_args&quot;:{&quot;tax_query&quot;:[{&quot;taxonomy&quot;:&quot;team-category&quot;,&quot;field&quot;:&quot;slug&quot;,&quot;terms&quot;:&quot;pripravnici&quot;}]},&quot;item_classes&quot;:&quot;qodef-e qodef-grid-item&quot;,&quot;space_value&quot;:5}\">\n\t\t<div class=\"qodef-grid-inner clear\">\n\t\t<div class=\"qodef-e qodef-grid-item post-5429 team type-team status-publish has-post-thumbnail hentry team-category-pripravnici\">\n\t<div class=\"qodef-e-inner\">\n\t\t<div class=\"qodef-e-image\">\n\t\t\t\t<div class=\"qodef-e-media-image\">\n\t\t\t\t\t<a itemprop=\"url\" href=\"https:\/\/jmv.co.me\/en\/team\/anja-ticic\/\">\n\t\t\t\t\t<img fetchpriority=\"high\" decoding=\"async\" src=\"https:\/\/jmv.co.me\/wp-content\/uploads\/2023\/07\/anja-ticic-team-member-jmv-kancelarija-450x600.jpg\" alt=\"\" width=\"450\" height=\"600\" \/>\t\t\t\t\t<\/a>\n\t\t\t<\/div>\n\t\t<\/div>\n\t\t<div class=\"qodef-e-content\" >\n\t\t\t<h4 itemprop=\"name\" class=\"qodef-e-title entry-title\" >\n\t\t\t<a itemprop=\"url\" class=\"qodef-e-title-link\" href=\"https:\/\/jmv.co.me\/en\/team\/anja-ticic\/\">\n\t\t\tAnja Ti\u010di\u0107\t\t\t<\/a>\n\t<\/h4>\t\t\t\t<p class=\"qodef-e-role\">Advokatski Pripravnik<\/p>\n\t\t<\/div>\n\t<\/div>\n<\/div><div class=\"qodef-e qodef-grid-item post-6358 team type-team status-publish has-post-thumbnail hentry team-category-pripravnici\">\n\t<div class=\"qodef-e-inner\">\n\t\t<div class=\"qodef-e-image\">\n\t\t\t\t<div class=\"qodef-e-media-image\">\n\t\t\t\t\t<a itemprop=\"url\" href=\"https:\/\/jmv.co.me\/en\/team\/vuk-vujanovic\/\">\n\t\t\t\t\t<img decoding=\"async\" src=\"https:\/\/jmv.co.me\/wp-content\/uploads\/2024\/04\/vuk-pripravnik-jvm-450x600.jpg\" alt=\"\" width=\"450\" height=\"600\" \/>\t\t\t\t\t<\/a>\n\t\t\t<\/div>\n\t\t<\/div>\n\t\t<div class=\"qodef-e-content\" >\n\t\t\t<h4 itemprop=\"name\" class=\"qodef-e-title entry-title\" >\n\t\t\t<a itemprop=\"url\" class=\"qodef-e-title-link\" href=\"https:\/\/jmv.co.me\/en\/team\/vuk-vujanovic\/\">\n\t\t\tVuk Vujanovi\u0107\t\t\t<\/a>\n\t<\/h4>\t\t\t\t<p class=\"qodef-e-role\">Pripravnik<\/p>\n\t\t<\/div>\n\t<\/div>\n<\/div><div class=\"qodef-e qodef-grid-item post-6777 team type-team status-publish has-post-thumbnail hentry team-category-pripravnici\">\n\t<div class=\"qodef-e-inner\">\n\t\t<div class=\"qodef-e-image\">\n\t\t\t\t<div class=\"qodef-e-media-image\">\n\t\t\t\t\t<a itemprop=\"url\" href=\"https:\/\/jmv.co.me\/en\/team\/ognjen-mujovic\/\">\n\t\t\t\t\t<img decoding=\"async\" src=\"https:\/\/jmv.co.me\/wp-content\/uploads\/2025\/11\/Ognjen-Mujovic-scaled-450x600.jpg\" alt=\"\" width=\"450\" height=\"600\" \/>\t\t\t\t\t<\/a>\n\t\t\t<\/div>\n\t\t<\/div>\n\t\t<div class=\"qodef-e-content\" >\n\t\t\t<h4 itemprop=\"name\" class=\"qodef-e-title entry-title\" >\n\t\t\t<a itemprop=\"url\" class=\"qodef-e-title-link\" href=\"https:\/\/jmv.co.me\/en\/team\/ognjen-mujovic\/\">\n\t\t\tOgnjen Mujovi\u0107\t\t\t<\/a>\n\t<\/h4>\t\t\t\t<p class=\"qodef-e-role\">Advokatski pripravnik<\/p>\n\t\t<\/div>\n\t<\/div>\n<\/div><div class=\"qodef-e qodef-grid-item post-6782 team type-team status-publish has-post-thumbnail hentry team-category-pripravnici\">\n\t<div class=\"qodef-e-inner\">\n\t\t<div class=\"qodef-e-image\">\n\t\t\t\t<div class=\"qodef-e-media-image\">\n\t\t\t\t\t<a itemprop=\"url\" href=\"https:\/\/jmv.co.me\/en\/team\/dzenan-musovic\/\">\n\t\t\t\t\t<img loading=\"lazy\" decoding=\"async\" src=\"https:\/\/jmv.co.me\/wp-content\/uploads\/2025\/11\/Dzenan-Musovic-scaled-450x600.jpg\" alt=\"\" width=\"450\" height=\"600\" \/>\t\t\t\t\t<\/a>\n\t\t\t<\/div>\n\t\t<\/div>\n\t\t<div class=\"qodef-e-content\" >\n\t\t\t<h4 itemprop=\"name\" class=\"qodef-e-title entry-title\" >\n\t\t\t<a itemprop=\"url\" class=\"qodef-e-title-link\" href=\"https:\/\/jmv.co.me\/en\/team\/dzenan-musovic\/\">\n\t\t\tD\u017eenan Mu\u0161ovi\u0107\t\t\t<\/a>\n\t<\/h4>\t\t\t\t<p class=\"qodef-e-role\">Advokatski pripravnik<\/p>\n\t\t<\/div>\n\t<\/div>\n<\/div><div class=\"qodef-e qodef-grid-item post-6784 team type-team status-publish has-post-thumbnail hentry team-category-pripravnici\">\n\t<div class=\"qodef-e-inner\">\n\t\t<div class=\"qodef-e-image\">\n\t\t\t\t<div class=\"qodef-e-media-image\">\n\t\t\t\t\t<a itemprop=\"url\" href=\"https:\/\/jmv.co.me\/en\/team\/sara-brnovic\/\">\n\t\t\t\t\t<img loading=\"lazy\" decoding=\"async\" src=\"https:\/\/jmv.co.me\/wp-content\/uploads\/2025\/11\/Sara-Brnovic-scaled-450x600.jpg\" alt=\"\" width=\"450\" height=\"600\" \/>\t\t\t\t\t<\/a>\n\t\t\t<\/div>\n\t\t<\/div>\n\t\t<div class=\"qodef-e-content\" >\n\t\t\t<h4 itemprop=\"name\" class=\"qodef-e-title entry-title\" >\n\t\t\t<a itemprop=\"url\" class=\"qodef-e-title-link\" href=\"https:\/\/jmv.co.me\/en\/team\/sara-brnovic\/\">\n\t\t\tSara Brnovi\u0107\t\t\t<\/a>\n\t<\/h4>\t\t\t\t<p class=\"qodef-e-role\">Pripravnik<\/p>\n\t\t<\/div>\n\t<\/div>\n<\/div><div class=\"qodef-e qodef-grid-item post-6788 team type-team status-publish has-post-thumbnail hentry team-category-pripravnici\">\n\t<div class=\"qodef-e-inner\">\n\t\t<div class=\"qodef-e-image\">\n\t\t\t\t<div class=\"qodef-e-media-image\">\n\t\t\t\t\t<a itemprop=\"url\" href=\"https:\/\/jmv.co.me\/en\/team\/ajla-cekic\/\">\n\t\t\t\t\t<img loading=\"lazy\" decoding=\"async\" src=\"https:\/\/jmv.co.me\/wp-content\/uploads\/2025\/11\/Ajla-Cekic-scaled-450x600.jpg\" alt=\"\" width=\"450\" height=\"600\" \/>\t\t\t\t\t<\/a>\n\t\t\t<\/div>\n\t\t<\/div>\n\t\t<div class=\"qodef-e-content\" >\n\t\t\t<h4 itemprop=\"name\" class=\"qodef-e-title entry-title\" >\n\t\t\t<a itemprop=\"url\" class=\"qodef-e-title-link\" href=\"https:\/\/jmv.co.me\/en\/team\/ajla-cekic\/\">\n\t\t\tAjla \u010ceki\u0107\t\t\t<\/a>\n\t<\/h4>\t\t\t\t<p class=\"qodef-e-role\">Pripravnik<\/p>\n\t\t<\/div>\n\t<\/div>\n<\/div>\t<\/div>\n\t<\/div>\t\t\t\t<\/div>\n\t\t\t\t<\/div>\n\t\t\t\t\t<\/div>\n\t\t<\/div>\n\t\t\t\t\t<\/div>\n\t\t<\/section>\n\t\t\t\t<\/div>\n\t\t","protected":false},"excerpt":{"rendered":"<p>Ana Mugo\u0161a Advokatski pripravnik Vuk Vujanovi\u0107 Pripravnik Blaga Jovovi\u0107 Advokatski pripravnik Anja Ti\u010di\u0107 Advokatski Pripravnik Na\u0111a Puri\u0107 Advokatski pripravnik Ognjen Mujovi\u0107 Advokatski pripravnik D\u017eenan Mu\u0161ovi\u0107 Advokatski pripravnik Sara Brnovi\u0107 Advokatski pripravnik Ajla \u010ceki\u0107 Advokatski pripravnik<\/p>","protected":false},"author":22,"featured_media":0,"parent":0,"menu_order":0,"comment_status":"closed","ping_status":"closed","template":"","meta":{"_acf_changed":false,"footnotes":""},"class_list":["post-5780","page","type-page","status-publish","hentry"],"acf":[],"_links":{"self":[{"href":"https:\/\/jmv.co.me\/en\/wp-json\/wp\/v2\/pages\/5780","targetHints":{"allow":["GET"]}}],"collection":[{"href":"https:\/\/jmv.co.me\/en\/wp-json\/wp\/v2\/pages"}],"about":[{"href":"https:\/\/jmv.co.me\/en\/wp-json\/wp\/v2\/types\/page"}],"author":[{"embeddable":true,"href":"https:\/\/jmv.co.me\/en\/wp-json\/wp\/v2\/users\/22"}],"replies":[{"embeddable":true,"href":"https:\/\/jmv.co.me\/en\/wp-json\/wp\/v2\/comments?post=5780"}],"version-history":[{"count":37,"href":"https:\/\/jmv.co.me\/en\/wp-json\/wp\/v2\/pages\/5780\/revisions"}],"predecessor-version":[{"id":6804,"href":"https:\/\/jmv.co.me\/en\/wp-json\/wp\/v2\/pages\/5780\/revisions\/6804"}],"wp:attachment":[{"href":"https:\/\/jmv.co.me\/en\/wp-json\/wp\/v2\/media?parent=5780"}],"curies":[{"name":"wp","href":"https:\/\/api.w.org\/{rel}","templated":true}]}}