{"id":5775,"date":"2023-09-29T09:38:42","date_gmt":"2023-09-29T09:38:42","guid":{"rendered":"https:\/\/markov79.sg-host.com\/?page_id=5775"},"modified":"2025-04-17T09:22:42","modified_gmt":"2025-04-17T09:22:42","slug":"advokati","status":"publish","type":"page","link":"https:\/\/jmv.co.me\/en\/advokati\/","title":{"rendered":"Attorneys"},"content":{"rendered":"\t\t<div data-elementor-type=\"wp-page\" data-elementor-id=\"5775\" class=\"elementor elementor-5775\">\n\t\t\t\t\t\t<section class=\"elementor-section elementor-top-section elementor-element elementor-element-8a81772 elementor-section-full_width elementor-section-stretched elementor-section-height-default elementor-section-height-default qodef-elementor-content-no\" data-id=\"8a81772\" data-element_type=\"section\" data-e-type=\"section\" data-settings=\"{&quot;stretch_section&quot;:&quot;section-stretched&quot;}\">\n\t\t\t\t\t\t<div class=\"elementor-container elementor-column-gap-default\">\n\t\t\t\t\t<div class=\"elementor-column elementor-col-100 elementor-top-column elementor-element elementor-element-e5a6a46\" data-id=\"e5a6a46\" data-element_type=\"column\" data-e-type=\"column\">\n\t\t\t<div class=\"elementor-widget-wrap elementor-element-populated\">\n\t\t\t\t\t\t<div class=\"elementor-element elementor-element-8554ce4 elementor-widget elementor-widget-thetrial_core_team_list\" data-id=\"8554ce4\" data-element_type=\"widget\" data-e-type=\"widget\" data-widget_type=\"thetrial_core_team_list.default\">\n\t\t\t\t<div class=\"elementor-widget-container\">\n\t\t\t\t\t<div class=\"qodef-shortcode qodef-m  qodef-team-list qodef-item-layout--info-below qodef-grid qodef-layout--columns  qodef-gutter--tiny qodef-col-num--4 qodef-item-layout--info-below qodef--no-bottom-space qodef-pagination--off qodef-responsive--predefined\" data-options=\"{&quot;plugin&quot;:&quot;thetrial_core&quot;,&quot;module&quot;:&quot;post-types\\\/team\\\/shortcodes&quot;,&quot;shortcode&quot;:&quot;team-list&quot;,&quot;post_type&quot;:&quot;team&quot;,&quot;next_page&quot;:&quot;2&quot;,&quot;max_pages_num&quot;:1,&quot;behavior&quot;:&quot;columns&quot;,&quot;images_proportion&quot;:&quot;custom&quot;,&quot;custom_image_width&quot;:&quot;450&quot;,&quot;custom_image_height&quot;:&quot;500&quot;,&quot;columns&quot;:&quot;4&quot;,&quot;columns_responsive&quot;:&quot;predefined&quot;,&quot;columns_1440&quot;:&quot;3&quot;,&quot;columns_1366&quot;:&quot;3&quot;,&quot;columns_1024&quot;:&quot;3&quot;,&quot;columns_768&quot;:&quot;3&quot;,&quot;columns_680&quot;:&quot;3&quot;,&quot;columns_480&quot;:&quot;3&quot;,&quot;space&quot;:&quot;tiny&quot;,&quot;posts_per_page&quot;:&quot;20&quot;,&quot;orderby&quot;:&quot;date&quot;,&quot;order&quot;:&quot;DESC&quot;,&quot;additional_params&quot;:&quot;tax&quot;,&quot;tax&quot;:&quot;team-category&quot;,&quot;tax_slug&quot;:&quot;advokati&quot;,&quot;layout&quot;:&quot;info-below&quot;,&quot;title_tag&quot;:&quot;h4&quot;,&quot;pagination_type&quot;:&quot;no-pagination&quot;,&quot;info_side_background_color&quot;:&quot;#DEEBF9&quot;,&quot;object_class_name&quot;:&quot;TheTrialCoreTeamListShortcode&quot;,&quot;taxonomy_filter&quot;:&quot;team-category&quot;,&quot;additional_query_args&quot;:{&quot;tax_query&quot;:[{&quot;taxonomy&quot;:&quot;team-category&quot;,&quot;field&quot;:&quot;slug&quot;,&quot;terms&quot;:&quot;advokati&quot;}]},&quot;item_classes&quot;:&quot;qodef-e qodef-grid-item&quot;,&quot;space_value&quot;:5}\">\n\t\t<div class=\"qodef-grid-inner clear\">\n\t\t<div class=\"qodef-e qodef-grid-item post-4852 team type-team status-publish has-post-thumbnail hentry team-category-advokati\">\n\t<div class=\"qodef-e-inner\">\n\t\t<div class=\"qodef-e-image\">\n\t\t\t\t<div class=\"qodef-e-media-image\">\n\t\t\t\t\t<a itemprop=\"url\" href=\"https:\/\/jmv.co.me\/en\/team\/ratka-seka-strugar\/\">\n\t\t\t\t\t<img fetchpriority=\"high\" decoding=\"async\" src=\"https:\/\/jmv.co.me\/wp-content\/uploads\/2023\/07\/ratka-seka-strugar-team-member-jmv-kancelarija-450x500.jpg\" alt=\"\" width=\"450\" height=\"500\" \/>\t\t\t\t\t<\/a>\n\t\t\t<\/div>\n\t\t<\/div>\n\t\t<div class=\"qodef-e-content\" >\n\t\t\t<h4 itemprop=\"name\" class=\"qodef-e-title entry-title\" >\n\t\t\t<a itemprop=\"url\" class=\"qodef-e-title-link\" href=\"https:\/\/jmv.co.me\/en\/team\/ratka-seka-strugar\/\">\n\t\t\tRatka Seka Strugar\t\t\t<\/a>\n\t<\/h4>\t\t\t\t<p class=\"qodef-e-role\">Advokat i menad\u017eer Kancelarije <\/p>\n\t\t<\/div>\n\t<\/div>\n<\/div><div class=\"qodef-e qodef-grid-item post-4856 team type-team status-publish has-post-thumbnail hentry team-category-advokati\">\n\t<div class=\"qodef-e-inner\">\n\t\t<div class=\"qodef-e-image\">\n\t\t\t\t<div class=\"qodef-e-media-image\">\n\t\t\t\t\t<a itemprop=\"url\" href=\"https:\/\/jmv.co.me\/en\/team\/tamara-dabovic\/\">\n\t\t\t\t\t<img decoding=\"async\" src=\"https:\/\/jmv.co.me\/wp-content\/uploads\/2023\/07\/tamara-dabovic-team-member-jmv-kancelarija-450x500.jpg\" alt=\"\" width=\"450\" height=\"500\" \/>\t\t\t\t\t<\/a>\n\t\t\t<\/div>\n\t\t<\/div>\n\t\t<div class=\"qodef-e-content\" >\n\t\t\t<h4 itemprop=\"name\" class=\"qodef-e-title entry-title\" >\n\t\t\t<a itemprop=\"url\" class=\"qodef-e-title-link\" href=\"https:\/\/jmv.co.me\/en\/team\/tamara-dabovic\/\">\n\t\t\tTamara Dabovi\u0107\t\t\t<\/a>\n\t<\/h4>\t\t\t\t<p class=\"qodef-e-role\">Advokat<\/p>\n\t\t<\/div>\n\t<\/div>\n<\/div><div class=\"qodef-e qodef-grid-item post-5424 team type-team status-publish has-post-thumbnail hentry team-category-advokati\">\n\t<div class=\"qodef-e-inner\">\n\t\t<div class=\"qodef-e-image\">\n\t\t\t\t<div class=\"qodef-e-media-image\">\n\t\t\t\t\t<a itemprop=\"url\" href=\"https:\/\/jmv.co.me\/en\/team\/bojana-nikcevic\/\">\n\t\t\t\t\t<img decoding=\"async\" src=\"https:\/\/jmv.co.me\/wp-content\/uploads\/2023\/07\/bojana-nikcevic-team-member-jmv-kancelarija-450x500.jpg\" alt=\"\" width=\"450\" height=\"500\" \/>\t\t\t\t\t<\/a>\n\t\t\t<\/div>\n\t\t<\/div>\n\t\t<div class=\"qodef-e-content\" >\n\t\t\t<h4 itemprop=\"name\" class=\"qodef-e-title entry-title\" >\n\t\t\t<a itemprop=\"url\" class=\"qodef-e-title-link\" href=\"https:\/\/jmv.co.me\/en\/team\/bojana-nikcevic\/\">\n\t\t\tBojana Nik\u010devi\u0107\t\t\t<\/a>\n\t<\/h4>\t\t\t\t<p class=\"qodef-e-role\">Advokat<\/p>\n\t\t<\/div>\n\t<\/div>\n<\/div><div class=\"qodef-e qodef-grid-item post-5425 team type-team status-publish has-post-thumbnail hentry team-category-advokati\">\n\t<div class=\"qodef-e-inner\">\n\t\t<div class=\"qodef-e-image\">\n\t\t\t\t<div class=\"qodef-e-media-image\">\n\t\t\t\t\t<a itemprop=\"url\" href=\"https:\/\/jmv.co.me\/en\/team\/ana-andrijasevic\/\">\n\t\t\t\t\t<img loading=\"lazy\" decoding=\"async\" src=\"https:\/\/jmv.co.me\/wp-content\/uploads\/2023\/07\/ana-andrijasevic-team-member-jmv-kancelarija-450x500.jpg\" alt=\"\" width=\"450\" height=\"500\" \/>\t\t\t\t\t<\/a>\n\t\t\t<\/div>\n\t\t<\/div>\n\t\t<div class=\"qodef-e-content\" >\n\t\t\t<h4 itemprop=\"name\" class=\"qodef-e-title entry-title\" >\n\t\t\t<a itemprop=\"url\" class=\"qodef-e-title-link\" href=\"https:\/\/jmv.co.me\/en\/team\/ana-andrijasevic\/\">\n\t\t\tAna Andrija\u0161evi\u0107\t\t\t<\/a>\n\t<\/h4>\t\t\t\t<p class=\"qodef-e-role\">Advokat<\/p>\n\t\t<\/div>\n\t<\/div>\n<\/div><div class=\"qodef-e qodef-grid-item post-5353 team type-team status-publish has-post-thumbnail hentry team-category-advokati\">\n\t<div class=\"qodef-e-inner\">\n\t\t<div class=\"qodef-e-image\">\n\t\t\t\t<div class=\"qodef-e-media-image\">\n\t\t\t\t\t<a itemprop=\"url\" href=\"https:\/\/jmv.co.me\/en\/team\/aleksandra-petkovski\/\">\n\t\t\t\t\t<img loading=\"lazy\" decoding=\"async\" src=\"https:\/\/jmv.co.me\/wp-content\/uploads\/2023\/07\/aleksandra-petkovski-team-member-jmv-kancelarija-450x500.jpg\" alt=\"\" width=\"450\" height=\"500\" \/>\t\t\t\t\t<\/a>\n\t\t\t<\/div>\n\t\t<\/div>\n\t\t<div class=\"qodef-e-content\" >\n\t\t\t<h4 itemprop=\"name\" class=\"qodef-e-title entry-title\" >\n\t\t\t<a itemprop=\"url\" class=\"qodef-e-title-link\" href=\"https:\/\/jmv.co.me\/en\/team\/aleksandra-petkovski\/\">\n\t\t\tAleksandra Petkovski\t\t\t<\/a>\n\t<\/h4>\t\t\t\t<p class=\"qodef-e-role\">Advokat<\/p>\n\t\t<\/div>\n\t<\/div>\n<\/div><div class=\"qodef-e qodef-grid-item post-4838 team type-team status-publish has-post-thumbnail hentry team-category-advokati\">\n\t<div class=\"qodef-e-inner\">\n\t\t<div class=\"qodef-e-image\">\n\t\t\t\t<div class=\"qodef-e-media-image\">\n\t\t\t\t\t<a itemprop=\"url\" href=\"https:\/\/jmv.co.me\/en\/team\/mariana-batizic\/\">\n\t\t\t\t\t<img loading=\"lazy\" decoding=\"async\" src=\"https:\/\/jmv.co.me\/wp-content\/uploads\/2023\/07\/mariana-batizic-team-member-jmv-kancelarija-450x500.jpg\" alt=\"\" width=\"450\" height=\"500\" \/>\t\t\t\t\t<\/a>\n\t\t\t<\/div>\n\t\t<\/div>\n\t\t<div class=\"qodef-e-content\" >\n\t\t\t<h4 itemprop=\"name\" class=\"qodef-e-title entry-title\" >\n\t\t\t<a itemprop=\"url\" class=\"qodef-e-title-link\" href=\"https:\/\/jmv.co.me\/en\/team\/mariana-batizic\/\">\n\t\t\tMariana Batizi\u0107\t\t\t<\/a>\n\t<\/h4>\t\t\t\t<p class=\"qodef-e-role\">Advokat<\/p>\n\t\t<\/div>\n\t<\/div>\n<\/div><div class=\"qodef-e qodef-grid-item post-5428 team type-team status-publish has-post-thumbnail hentry team-category-advokati\">\n\t<div class=\"qodef-e-inner\">\n\t\t<div class=\"qodef-e-image\">\n\t\t\t\t<div class=\"qodef-e-media-image\">\n\t\t\t\t\t<a itemprop=\"url\" href=\"https:\/\/jmv.co.me\/en\/team\/jelena-jovovic\/\">\n\t\t\t\t\t<img loading=\"lazy\" decoding=\"async\" src=\"https:\/\/jmv.co.me\/wp-content\/uploads\/2023\/07\/jelena-jovovic-team-member-jmv-kancelarija-450x500.jpg\" alt=\"\" width=\"450\" height=\"500\" \/>\t\t\t\t\t<\/a>\n\t\t\t<\/div>\n\t\t<\/div>\n\t\t<div class=\"qodef-e-content\" >\n\t\t\t<h4 itemprop=\"name\" class=\"qodef-e-title entry-title\" >\n\t\t\t<a itemprop=\"url\" class=\"qodef-e-title-link\" href=\"https:\/\/jmv.co.me\/en\/team\/jelena-jovovic\/\">\n\t\t\tJelena Jovovi\u0107\t\t\t<\/a>\n\t<\/h4>\t\t\t\t<p class=\"qodef-e-role\">Advokat<\/p>\n\t\t<\/div>\n\t<\/div>\n<\/div><div class=\"qodef-e qodef-grid-item post-4846 team type-team status-publish has-post-thumbnail hentry team-category-advokati\">\n\t<div class=\"qodef-e-inner\">\n\t\t<div class=\"qodef-e-image\">\n\t\t\t\t<div class=\"qodef-e-media-image\">\n\t\t\t\t\t<a itemprop=\"url\" href=\"https:\/\/jmv.co.me\/en\/team\/nikola-lakovic\/\">\n\t\t\t\t\t<img loading=\"lazy\" decoding=\"async\" src=\"https:\/\/jmv.co.me\/wp-content\/uploads\/2023\/07\/nikola-lakovic-team-member-jmv-kancelarija-450x500.jpg\" alt=\"\" width=\"450\" height=\"500\" \/>\t\t\t\t\t<\/a>\n\t\t\t<\/div>\n\t\t<\/div>\n\t\t<div class=\"qodef-e-content\" >\n\t\t\t<h4 itemprop=\"name\" class=\"qodef-e-title entry-title\" >\n\t\t\t<a itemprop=\"url\" class=\"qodef-e-title-link\" href=\"https:\/\/jmv.co.me\/en\/team\/nikola-lakovic\/\">\n\t\t\tNikola Lakovi\u0107\t\t\t<\/a>\n\t<\/h4>\t\t\t\t<p class=\"qodef-e-role\">Advokat<\/p>\n\t\t<\/div>\n\t<\/div>\n<\/div><div class=\"qodef-e qodef-grid-item post-6720 team type-team status-publish has-post-thumbnail hentry team-category-advokati\">\n\t<div class=\"qodef-e-inner\">\n\t\t<div class=\"qodef-e-image\">\n\t\t\t\t<div class=\"qodef-e-media-image\">\n\t\t\t\t\t<a itemprop=\"url\" href=\"https:\/\/jmv.co.me\/en\/team\/dijana-raickovic\/\">\n\t\t\t\t\t<img loading=\"lazy\" decoding=\"async\" src=\"https:\/\/jmv.co.me\/wp-content\/uploads\/2025\/04\/IMG-2483-1-1-450x500.jpg\" alt=\"\" width=\"450\" height=\"500\" \/>\t\t\t\t\t<\/a>\n\t\t\t<\/div>\n\t\t<\/div>\n\t\t<div class=\"qodef-e-content\" >\n\t\t\t<h4 itemprop=\"name\" class=\"qodef-e-title entry-title\" >\n\t\t\t<a itemprop=\"url\" class=\"qodef-e-title-link\" href=\"https:\/\/jmv.co.me\/en\/team\/dijana-raickovic\/\">\n\t\t\tDijana Rai\u010dkovi\u0107\t\t\t<\/a>\n\t<\/h4>\t\t\t\t<p class=\"qodef-e-role\">Savjetnica<\/p>\n\t\t<\/div>\n\t<\/div>\n<\/div>\t<\/div>\n\t<\/div>\t\t\t\t<\/div>\n\t\t\t\t<\/div>\n\t\t\t\t\t<\/div>\n\t\t<\/div>\n\t\t\t\t\t<\/div>\n\t\t<\/section>\n\t\t\t\t<\/div>\n\t\t","protected":false},"excerpt":{"rendered":"<p>Dijana Rai\u010dkovi\u0107 Savjetnica \u2002\u2002\u2002\u2002\u2002\u2002\u2002\u2002\u2002\u2002\u2002\u2002\u2002\u2002\u2002\u2002\u2002\u2002\u2002 Ratka Seka Strugar Advokat i menad\u017eer Kancelarije Tamara Dabovi\u0107 Advokat Bojana Nik\u010devi\u0107 Advokat Mitar Radoji\u010di\u0107 Advokat Ana Andrija\u0161evi\u0107 Advokat Bogdan Luki\u0107 Advokat Aleksandra Petkovski Advokat Mariana Batizi\u0107 Advokat Jelena Jovovi\u0107 Advokat Nikola Lakovi\u0107 Advokat<\/p>","protected":false},"author":22,"featured_media":0,"parent":0,"menu_order":0,"comment_status":"closed","ping_status":"closed","template":"","meta":{"_acf_changed":false,"footnotes":""},"class_list":["post-5775","page","type-page","status-publish","hentry"],"acf":[],"_links":{"self":[{"href":"https:\/\/jmv.co.me\/en\/wp-json\/wp\/v2\/pages\/5775","targetHints":{"allow":["GET"]}}],"collection":[{"href":"https:\/\/jmv.co.me\/en\/wp-json\/wp\/v2\/pages"}],"about":[{"href":"https:\/\/jmv.co.me\/en\/wp-json\/wp\/v2\/types\/page"}],"author":[{"embeddable":true,"href":"https:\/\/jmv.co.me\/en\/wp-json\/wp\/v2\/users\/22"}],"replies":[{"embeddable":true,"href":"https:\/\/jmv.co.me\/en\/wp-json\/wp\/v2\/comments?post=5775"}],"version-history":[{"count":34,"href":"https:\/\/jmv.co.me\/en\/wp-json\/wp\/v2\/pages\/5775\/revisions"}],"predecessor-version":[{"id":6725,"href":"https:\/\/jmv.co.me\/en\/wp-json\/wp\/v2\/pages\/5775\/revisions\/6725"}],"wp:attachment":[{"href":"https:\/\/jmv.co.me\/en\/wp-json\/wp\/v2\/media?parent=5775"}],"curies":[{"name":"wp","href":"https:\/\/api.w.org\/{rel}","templated":true}]}}