{"id":4712,"date":"2023-08-02T10:39:26","date_gmt":"2023-08-02T10:39:26","guid":{"rendered":"http:\/\/markov79.sg-host.com\/?page_id=4712"},"modified":"2025-04-17T09:33:33","modified_gmt":"2025-04-17T09:33:33","slug":"pravo-o-strancima","status":"publish","type":"page","link":"https:\/\/jmv.co.me\/en\/pravo-o-strancima\/","title":{"rendered":"Immigration law"},"content":{"rendered":"<div data-elementor-type=\"wp-page\" data-elementor-id=\"4712\" class=\"elementor elementor-4712\">\n\t\t\t\t\t\t<section class=\"elementor-section elementor-top-section elementor-element elementor-element-159584d5 elementor-section-boxed elementor-section-height-default elementor-section-height-default qodef-elementor-content-no\" data-id=\"159584d5\" data-element_type=\"section\" data-e-type=\"section\">\n\t\t\t\t\t\t<div class=\"elementor-container elementor-column-gap-default\">\n\t\t\t\t\t<div class=\"elementor-column elementor-col-100 elementor-top-column elementor-element elementor-element-6c6d3704\" data-id=\"6c6d3704\" data-element_type=\"column\" data-e-type=\"column\">\n\t\t\t<div class=\"elementor-widget-wrap elementor-element-populated\">\n\t\t\t\t\t\t<div class=\"elementor-element elementor-element-5c716757 elementor-widget elementor-widget-wp-widget-text\" data-id=\"5c716757\" data-element_type=\"widget\" data-e-type=\"widget\" data-widget_type=\"wp-widget-text.default\">\n\t\t\t\t<div class=\"elementor-widget-container\">\n\t\t\t\t\t\t\t\t<div class=\"textwidget\"><p>The team at the law firm \"Jovovi\u0107, Mugo\u0161a &amp; Vukovi\u0107\" possesses a high level of expertise and knowledge in the field of immigration law, providing support to foreign clients for resolving personal matters and conducting business activities in Montenegro.<\/p>\n<p>If you are planning to conduct business activities in Montenegro, our firm can provide the following legal support:<\/p>\n<ul>\n<li>Company formation<\/li>\n<li>Obtaining necessary licenses and work permits<\/li>\n<li>Tax optimization through tax incentives or state subsidies<\/li>\n<li>Legal consultations in the field of tax law<\/li>\n<li>Facilitating the relocation of employees to Montenegro<\/li>\n<\/ul>\n<p>For addressing personal matters, we offer the following services to foreign clients:<\/p>\n<ul>\n<li>Purchase or sale of real estate<\/li>\n<li>Tax incentives<\/li>\n<li>Obtaining residency permits<\/li>\n<li>Debt collection or protection of personal assets<\/li>\n<li>Recognition and enforcement of foreign court decisions<\/li>\n<\/ul>\n<\/div>\n\t\t\t\t\t\t<\/div>\n\t\t\t\t<\/div>\n\t\t\t\t\t<\/div>\n\t\t<\/div>\n\t\t\t\t\t<\/div>\n\t\t<\/section>\n\t\t\t\t<\/div>","protected":false},"excerpt":{"rendered":"","protected":false},"author":22,"featured_media":0,"parent":0,"menu_order":0,"comment_status":"closed","ping_status":"closed","template":"","meta":{"_acf_changed":false,"footnotes":""},"class_list":["post-4712","page","type-page","status-publish","hentry"],"acf":[],"_links":{"self":[{"href":"https:\/\/jmv.co.me\/en\/wp-json\/wp\/v2\/pages\/4712","targetHints":{"allow":["GET"]}}],"collection":[{"href":"https:\/\/jmv.co.me\/en\/wp-json\/wp\/v2\/pages"}],"about":[{"href":"https:\/\/jmv.co.me\/en\/wp-json\/wp\/v2\/types\/page"}],"author":[{"embeddable":true,"href":"https:\/\/jmv.co.me\/en\/wp-json\/wp\/v2\/users\/22"}],"replies":[{"embeddable":true,"href":"https:\/\/jmv.co.me\/en\/wp-json\/wp\/v2\/comments?post=4712"}],"version-history":[{"count":13,"href":"https:\/\/jmv.co.me\/en\/wp-json\/wp\/v2\/pages\/4712\/revisions"}],"predecessor-version":[{"id":6733,"href":"https:\/\/jmv.co.me\/en\/wp-json\/wp\/v2\/pages\/4712\/revisions\/6733"}],"wp:attachment":[{"href":"https:\/\/jmv.co.me\/en\/wp-json\/wp\/v2\/media?parent=4712"}],"curies":[{"name":"wp","href":"https:\/\/api.w.org\/{rel}","templated":true}]}}