{"id":4691,"date":"2023-08-02T10:33:14","date_gmt":"2023-08-02T10:33:14","guid":{"rendered":"http:\/\/markov79.sg-host.com\/?page_id=4691"},"modified":"2024-04-11T09:56:25","modified_gmt":"2024-04-11T09:56:25","slug":"pravo-konkurencije","status":"publish","type":"page","link":"https:\/\/jmv.co.me\/en\/pravo-konkurencije\/","title":{"rendered":"Competition law"},"content":{"rendered":"<div data-elementor-type=\"wp-page\" data-elementor-id=\"4691\" class=\"elementor elementor-4691\">\n\t\t\t\t\t\t<section class=\"elementor-section elementor-top-section elementor-element elementor-element-729bd768 elementor-section-boxed elementor-section-height-default elementor-section-height-default qodef-elementor-content-no\" data-id=\"729bd768\" data-element_type=\"section\" data-e-type=\"section\">\n\t\t\t\t\t\t<div class=\"elementor-container elementor-column-gap-default\">\n\t\t\t\t\t<div class=\"elementor-column elementor-col-100 elementor-top-column elementor-element elementor-element-3ed46a0f\" data-id=\"3ed46a0f\" data-element_type=\"column\" data-e-type=\"column\">\n\t\t\t<div class=\"elementor-widget-wrap elementor-element-populated\">\n\t\t\t\t\t\t<div class=\"elementor-element elementor-element-1c04d946 elementor-widget elementor-widget-wp-widget-text\" data-id=\"1c04d946\" data-element_type=\"widget\" data-e-type=\"widget\" data-widget_type=\"wp-widget-text.default\">\n\t\t\t\t<div class=\"elementor-widget-container\">\n\t\t\t\t\t\t\t\t<div class=\"textwidget\"><p>The law office &quot;Jovovi\u0107, Mugo\u0161a &amp; Vukovi\u0107&quot; provides continuous and comprehensive\nservices to clients in resolving issues related to competition protection in the market,\nand participates in proceedings before the Competition Protection Agency, both in\nconcentration proceedings involving market participants and in proceedings examining\nviolations of competition.<\/p>\n<p>Our goal is to assist clients in improving their business within the legal framework,\navoiding even the slightest margin for error, given that this branch of law is relatively\nyoung and insufficiently known in our market, while Montenegro continuously works\ntowards aligning with the European Union&#039;s standards in this area.<\/p>\n<p>The services provided by our team include:<\/p>\n<ul>\n<li>Client counseling,<\/li>\n<li>Preparation of documentation and implementation of the procedure for\nexemption agreements from prohibition,<\/li>\n<li>Preparation of documentation and implementation of the concentration\napproval procedure,<\/li>\n<li>Representation of clients in proceedings before the Competition Protection\nAgency for competition law violations, and<\/li>\n<li>Representation before other competent authorities.<\/li>\n<\/ul>\n<p>Lastly, members of our team have extensive experience participating in seminars and\nconferences organized at the European level in the field of competition law, and the law\nfirm has good connections with other firms in the region specializing in this area of law.<\/p>\n<\/div>\n\t\t\t\t\t\t<\/div>\n\t\t\t\t<\/div>\n\t\t\t\t\t<\/div>\n\t\t<\/div>\n\t\t\t\t\t<\/div>\n\t\t<\/section>\n\t\t\t\t<\/div>","protected":false},"excerpt":{"rendered":"","protected":false},"author":22,"featured_media":0,"parent":0,"menu_order":0,"comment_status":"closed","ping_status":"closed","template":"","meta":{"_acf_changed":false,"footnotes":""},"class_list":["post-4691","page","type-page","status-publish","hentry"],"acf":[],"_links":{"self":[{"href":"https:\/\/jmv.co.me\/en\/wp-json\/wp\/v2\/pages\/4691","targetHints":{"allow":["GET"]}}],"collection":[{"href":"https:\/\/jmv.co.me\/en\/wp-json\/wp\/v2\/pages"}],"about":[{"href":"https:\/\/jmv.co.me\/en\/wp-json\/wp\/v2\/types\/page"}],"author":[{"embeddable":true,"href":"https:\/\/jmv.co.me\/en\/wp-json\/wp\/v2\/users\/22"}],"replies":[{"embeddable":true,"href":"https:\/\/jmv.co.me\/en\/wp-json\/wp\/v2\/comments?post=4691"}],"version-history":[{"count":17,"href":"https:\/\/jmv.co.me\/en\/wp-json\/wp\/v2\/pages\/4691\/revisions"}],"predecessor-version":[{"id":6533,"href":"https:\/\/jmv.co.me\/en\/wp-json\/wp\/v2\/pages\/4691\/revisions\/6533"}],"wp:attachment":[{"href":"https:\/\/jmv.co.me\/en\/wp-json\/wp\/v2\/media?parent=4691"}],"curies":[{"name":"wp","href":"https:\/\/api.w.org\/{rel}","templated":true}]}}