{"id":4642,"date":"2023-08-02T10:11:40","date_gmt":"2023-08-02T10:11:40","guid":{"rendered":"http:\/\/markov79.sg-host.com\/?page_id=4642"},"modified":"2024-04-11T10:07:39","modified_gmt":"2024-04-11T10:07:39","slug":"stvarno-pravo","status":"publish","type":"page","link":"https:\/\/jmv.co.me\/en\/stvarno-pravo\/","title":{"rendered":"Property law"},"content":{"rendered":"<div data-elementor-type=\"wp-page\" data-elementor-id=\"4642\" class=\"elementor elementor-4642\">\n\t\t\t\t\t\t<section class=\"elementor-section elementor-top-section elementor-element elementor-element-b41fae4 elementor-section-boxed elementor-section-height-default elementor-section-height-default qodef-elementor-content-no\" data-id=\"b41fae4\" data-element_type=\"section\" data-e-type=\"section\">\n\t\t\t\t\t\t<div class=\"elementor-container elementor-column-gap-default\">\n\t\t\t\t\t<div class=\"elementor-column elementor-col-100 elementor-top-column elementor-element elementor-element-66b6f944\" data-id=\"66b6f944\" data-element_type=\"column\" data-e-type=\"column\">\n\t\t\t<div class=\"elementor-widget-wrap elementor-element-populated\">\n\t\t\t\t\t\t<div class=\"elementor-element elementor-element-4fbc9608 elementor-widget elementor-widget-wp-widget-text\" data-id=\"4fbc9608\" data-element_type=\"widget\" data-e-type=\"widget\" data-widget_type=\"wp-widget-text.default\">\n\t\t\t\t<div class=\"elementor-widget-container\">\n\t\t\t\t\t\t\t\t<div class=\"textwidget\"><p>Property law is an integral part of civil law, encompassing ownership rights and other rights related to movable or immovable property.<\/p>\n<p>If you believe that you need complete and effective protection of your rights and legal interests in this area, the Law Firm \"Jovovi\u0107, Mugo\u0161a &amp; Vukovi\u0107\" can provide you with the following services:<\/p>\n<ul>\n<li>Legal assistance and representation before courts and other authorities to protect property rights, easements, mortgages, possession, as well as in other proceedings related to property law<\/li>\n<li>undertaking legal actions for the acquisition or transfer of movable and immovable property<\/li>\n<li>drafting and interpretation of contracts<\/li>\n<li>representation in all proceedings arising from contractual obligations<\/li>\n<li>initiation and management of procedures for registration, annotation, and other legal rights with the competent authority<\/li>\n<li>conducting procedures for obtaining construction and urban planning permits and approvals from competent authorities<\/li>\n<li>mediation services in property legal transactions<\/li>\n<\/ul>\n<\/div>\n\t\t\t\t\t\t<\/div>\n\t\t\t\t<\/div>\n\t\t\t\t\t<\/div>\n\t\t<\/div>\n\t\t\t\t\t<\/div>\n\t\t<\/section>\n\t\t\t\t<\/div>","protected":false},"excerpt":{"rendered":"","protected":false},"author":22,"featured_media":0,"parent":0,"menu_order":0,"comment_status":"closed","ping_status":"closed","template":"","meta":{"_acf_changed":false,"footnotes":""},"class_list":["post-4642","page","type-page","status-publish","hentry"],"acf":[],"_links":{"self":[{"href":"https:\/\/jmv.co.me\/en\/wp-json\/wp\/v2\/pages\/4642","targetHints":{"allow":["GET"]}}],"collection":[{"href":"https:\/\/jmv.co.me\/en\/wp-json\/wp\/v2\/pages"}],"about":[{"href":"https:\/\/jmv.co.me\/en\/wp-json\/wp\/v2\/types\/page"}],"author":[{"embeddable":true,"href":"https:\/\/jmv.co.me\/en\/wp-json\/wp\/v2\/users\/22"}],"replies":[{"embeddable":true,"href":"https:\/\/jmv.co.me\/en\/wp-json\/wp\/v2\/comments?post=4642"}],"version-history":[{"count":10,"href":"https:\/\/jmv.co.me\/en\/wp-json\/wp\/v2\/pages\/4642\/revisions"}],"predecessor-version":[{"id":6228,"href":"https:\/\/jmv.co.me\/en\/wp-json\/wp\/v2\/pages\/4642\/revisions\/6228"}],"wp:attachment":[{"href":"https:\/\/jmv.co.me\/en\/wp-json\/wp\/v2\/media?parent=4642"}],"curies":[{"name":"wp","href":"https:\/\/api.w.org\/{rel}","templated":true}]}}