{"id":4603,"date":"2023-08-02T08:43:17","date_gmt":"2023-08-02T08:43:17","guid":{"rendered":"http:\/\/markov79.sg-host.com\/?page_id=4603"},"modified":"2023-10-24T08:53:46","modified_gmt":"2023-10-24T08:53:46","slug":"trgovinsko-pravo","status":"publish","type":"page","link":"https:\/\/jmv.co.me\/en\/trgovinsko-pravo\/","title":{"rendered":"Trgovinsko pravo"},"content":{"rendered":"<div data-elementor-type=\"wp-page\" data-elementor-id=\"4603\" class=\"elementor elementor-4603\">\n\t\t\t\t\t\t<section class=\"elementor-section elementor-top-section elementor-element elementor-element-1aaf71b7 elementor-section-boxed elementor-section-height-default elementor-section-height-default qodef-elementor-content-no\" data-id=\"1aaf71b7\" data-element_type=\"section\" data-e-type=\"section\">\n\t\t\t\t\t\t<div class=\"elementor-container elementor-column-gap-default\">\n\t\t\t\t\t<div class=\"elementor-column elementor-col-100 elementor-top-column elementor-element elementor-element-2cfcfc49\" data-id=\"2cfcfc49\" data-element_type=\"column\" data-e-type=\"column\">\n\t\t\t<div class=\"elementor-widget-wrap elementor-element-populated\">\n\t\t\t\t\t\t<div class=\"elementor-element elementor-element-37f050d9 elementor-widget elementor-widget-wp-widget-text\" data-id=\"37f050d9\" data-element_type=\"widget\" data-e-type=\"widget\" data-widget_type=\"wp-widget-text.default\">\n\t\t\t\t<div class=\"elementor-widget-container\">\n\t\t\t\t\t\t\t\t<div class=\"textwidget\"><p>Na\u0161a kancelarija pru\u017ea doma\u0107im i stranim kompanijama i preduzetnicima \u0161irok spektar usluga vezanih za primjenu trgovinskog prava.<br \/>\nOvo pravo se smatra granom poslovnog prava, ali se bavi i pitanjima koja spadaju u privatno i javno pravo.<br \/>Izme\u0111u ostalog, unutra\u0161nje i me\u0111unarodno trovinsko pravo obuhvata:<\/p>\n<li>Doma\u0107u i me\u0111unarodnu trgovinu.<\/li>\n<li>Odnos izme\u0111u principala i agenta.\n<\/li>\n<li>Prevoz kopnom i morem.\n<\/li>\n<li>\u0160pediciju.\n<\/li>\n<li>Instrumente pla\u0107anja.\n<\/li>\n<li>Fran\u0161izing.\n<\/li>\n<li>Instrumente obezbje\u0111enja potra\u017eivanja.\n<\/li>\n<li>Osiguranje unutra\u0161nje i me\u0111unarodne trgovine.\n<\/li>\n<li>Robne hartije od vrijednosti.\n<\/li>\n<li>Kvantitavna ograni\u010denja i dozvole.\n<\/li>\n<li>Trgovinske ugovore itd.<br \/>\n<\/div>\n\t\t\t\t\t\t<\/div>\n\t\t\t\t<\/div>\n\t\t\t\t\t<\/div>\n\t\t<\/div>\n\t\t\t\t\t<\/div>\n\t\t<\/section>\n\t\t\t\t<\/div>","protected":false},"excerpt":{"rendered":"","protected":false},"author":22,"featured_media":0,"parent":0,"menu_order":0,"comment_status":"closed","ping_status":"closed","template":"","meta":{"_acf_changed":false,"footnotes":""},"class_list":["post-4603","page","type-page","status-publish","hentry"],"acf":[],"_links":{"self":[{"href":"https:\/\/jmv.co.me\/en\/wp-json\/wp\/v2\/pages\/4603","targetHints":{"allow":["GET"]}}],"collection":[{"href":"https:\/\/jmv.co.me\/en\/wp-json\/wp\/v2\/pages"}],"about":[{"href":"https:\/\/jmv.co.me\/en\/wp-json\/wp\/v2\/types\/page"}],"author":[{"embeddable":true,"href":"https:\/\/jmv.co.me\/en\/wp-json\/wp\/v2\/users\/22"}],"replies":[{"embeddable":true,"href":"https:\/\/jmv.co.me\/en\/wp-json\/wp\/v2\/comments?post=4603"}],"version-history":[{"count":10,"href":"https:\/\/jmv.co.me\/en\/wp-json\/wp\/v2\/pages\/4603\/revisions"}],"predecessor-version":[{"id":6083,"href":"https:\/\/jmv.co.me\/en\/wp-json\/wp\/v2\/pages\/4603\/revisions\/6083"}],"wp:attachment":[{"href":"https:\/\/jmv.co.me\/en\/wp-json\/wp\/v2\/media?parent=4603"}],"curies":[{"name":"wp","href":"https:\/\/api.w.org\/{rel}","templated":true}]}}